{"id":6,"date":"2008-07-07T08:40:29","date_gmt":"2008-07-07T08:40:29","guid":{"rendered":"http:\/\/juntadepas.zeus.umh.es\/01-miembros-de-la-junta-de-pas\/"},"modified":"2025-07-23T10:36:23","modified_gmt":"2025-07-23T08:36:23","slug":"01-miembros-de-la-junta-de-pas","status":"publish","type":"page","link":"https:\/\/juntadepas.umh.es\/ca\/01-miembros-de-la-junta-de-pas\/","title":{"rendered":"Miembros"},"content":{"rendered":"<p><strong>Por la Secci\u00f3n Sindical SEP:<\/strong><\/p>\n<ul>\n<li>D\u00f1a. Raquel Marquina Gonz\u00e1lez\u00a0\u00a0<a href=\"https:\/\/juntadepas.umh.es\/files\/2008\/07\/correito.jpg\"><img loading=\"lazy\" class=\"alignnone size-full wp-image-54\" title=\"correito\" src=\"https:\/\/juntadepas.umh.es\/files\/2008\/07\/correito.jpg\" alt=\"\" width=\"18\" height=\"12\" \/><\/a><a href=\"https:\/\/juntadepas.umh.es\/files\/2007\/03\/correito2.jpg\"><\/a><a href=\"mailto:rmarquina@umh.es\">rmarquina@umh.es<\/a>\u00a0\u00a0<a href=\"https:\/\/juntadepas.umh.es\/files\/2007\/03\/telefonito2.jpg\"><\/a><a href=\"https:\/\/juntadepas.umh.es\/files\/2008\/07\/telefonito.jpg\"><img loading=\"lazy\" class=\"alignnone size-full wp-image-55\" title=\"telefonito\" src=\"https:\/\/juntadepas.umh.es\/files\/2008\/07\/telefonito.jpg\" alt=\"\" width=\"30\" height=\"13\" \/><\/a>2050<\/li>\n<li>D. Luis Silvestre Cerd\u00e1\u00a0 <a href=\"https:\/\/juntadepas.umh.es\/files\/2008\/07\/correito.jpg\"><img loading=\"lazy\" title=\"correito\" src=\"https:\/\/juntadepas.umh.es\/files\/2008\/07\/correito.jpg\" alt=\"\" width=\"18\" height=\"12\" \/><\/a><a href=\"https:\/\/juntadepas.umh.es\/files\/2007\/03\/correito2.jpg\"><\/a><a href=\"mailto:lsilvestre@umh.es\">lsilvestre@umh.es<\/a>\u00a0 <a href=\"https:\/\/juntadepas.umh.es\/files\/2007\/03\/telefonito2.jpg\"><\/a><a href=\"https:\/\/juntadepas.umh.es\/files\/2008\/07\/telefonito.jpg\"><img loading=\"lazy\" title=\"telefonito\" src=\"https:\/\/juntadepas.umh.es\/files\/2008\/07\/telefonito.jpg\" alt=\"\" width=\"30\" height=\"13\" \/><\/a>8605<\/li>\n<li>D\u00f1a. M\u00f3nica Candela Sempere <a href=\"https:\/\/juntadepas.umh.es\/files\/2007\/03\/correito2.jpg\"><\/a><a href=\"https:\/\/juntadepas.umh.es\/files\/2008\/07\/correito.jpg\"><img loading=\"lazy\" title=\"correito\" src=\"https:\/\/juntadepas.umh.es\/files\/2008\/07\/correito.jpg\" alt=\"\" width=\"18\" height=\"12\" \/><\/a><a href=\"mailto:m.candela@umh.es\">m.candela@umh.es<\/a> <a href=\"https:\/\/juntadepas.umh.es\/files\/2007\/03\/telefonito2.jpg\"><\/a><a href=\"https:\/\/juntadepas.umh.es\/files\/2008\/07\/telefonito.jpg\"><img loading=\"lazy\" title=\"telefonito\" src=\"https:\/\/juntadepas.umh.es\/files\/2008\/07\/telefonito.jpg\" alt=\"\" width=\"30\" height=\"13\" \/><\/a>8710<\/li>\n<li>D\u00f1a. Ana Maria Mart\u00ednez L\u00f3pez <a href=\"https:\/\/juntadepas.umh.es\/files\/2007\/03\/correito2.jpg\"><\/a><a href=\"https:\/\/juntadepas.umh.es\/files\/2008\/07\/correito.jpg\"><img loading=\"lazy\" title=\"correito\" src=\"https:\/\/juntadepas.umh.es\/files\/2008\/07\/correito.jpg\" alt=\"\" width=\"18\" height=\"12\" \/><\/a><a href=\"mailto:ana.martinez@umh.es\">ana.martinez@umh.es<\/a> <a href=\"https:\/\/juntadepas.umh.es\/files\/2007\/03\/telefonito2.jpg\"><\/a><a href=\"https:\/\/juntadepas.umh.es\/files\/2008\/07\/telefonito.jpg\"><img loading=\"lazy\" title=\"telefonito\" src=\"https:\/\/juntadepas.umh.es\/files\/2008\/07\/telefonito.jpg\" alt=\"\" width=\"30\" height=\"13\" \/><\/a>8782<\/li>\n<\/ul>\n<p><strong>Por la Secci\u00f3n Sindical CSI.F:<a href=\"https:\/\/juntadepas.umh.es\/files\/2008\/07\/LOGO-csif1.jpg\"><\/a><\/strong><\/p>\n<ul>\n<li>D\u00f1a. Manuela Sousa Casado <a href=\"https:\/\/juntadepas.umh.es\/files\/2008\/07\/correito.jpg\"><img loading=\"lazy\" title=\"correito\" src=\"https:\/\/juntadepas.umh.es\/files\/2008\/07\/correito.jpg\" alt=\"\" width=\"18\" height=\"12\" \/><\/a><a href=\"https:\/\/juntadepas.umh.es\/files\/2007\/03\/correito2.jpg\"><\/a><a href=\"mailto:m.sousa@umh.es\">m.sousa@umh.es<\/a> <a href=\"https:\/\/juntadepas.umh.es\/files\/2008\/07\/telefonito.jpg\"><img loading=\"lazy\" title=\"telefonito\" src=\"https:\/\/juntadepas.umh.es\/files\/2008\/07\/telefonito.jpg\" alt=\"\" width=\"30\" height=\"13\" \/><\/a><a href=\"https:\/\/juntadepas.umh.es\/files\/2007\/03\/telefonito2.jpg\"><\/a>8556<\/li>\n<li>D. Alejandro Garea Ramos <a href=\"https:\/\/juntadepas.umh.es\/files\/2008\/07\/correito.jpg\"><img loading=\"lazy\" title=\"correito\" src=\"https:\/\/juntadepas.umh.es\/files\/2008\/07\/correito.jpg\" alt=\"\" width=\"18\" height=\"12\" \/><\/a><a href=\"mailto:agarea@umh.es\">agarea@umh.es<\/a> <a href=\"https:\/\/juntadepas.umh.es\/files\/2008\/07\/telefonito.jpg\"><img loading=\"lazy\" title=\"telefonito\" src=\"https:\/\/juntadepas.umh.es\/files\/2008\/07\/telefonito.jpg\" alt=\"\" width=\"30\" height=\"13\" \/><\/a>9392<\/li>\n<li>D. Jose Miguel Ramos Baddouh <a href=\"https:\/\/juntadepas.umh.es\/files\/2008\/07\/correito.jpg\"><img loading=\"lazy\" title=\"correito\" src=\"https:\/\/juntadepas.umh.es\/files\/2008\/07\/correito.jpg\" alt=\"\" width=\"18\" height=\"12\" \/><\/a><a href=\"https:\/\/juntadepas.umh.es\/files\/2007\/03\/correito2.jpg\"><\/a><a href=\"mailto:miguel.ramos@umh.es\">miguel.ramos@umh.es<\/a><a href=\"https:\/\/juntadepas.umh.es\/files\/2007\/03\/telefonito2.jpg\"><\/a>\u00a0<a href=\"https:\/\/juntadepas.umh.es\/files\/2008\/07\/telefonito.jpg\"><img loading=\"lazy\" title=\"telefonito\" src=\"https:\/\/juntadepas.umh.es\/files\/2008\/07\/telefonito.jpg\" alt=\"\" width=\"30\" height=\"13\" \/><\/a>2060<\/li>\n<li>D\u00f1a. Eva Aus\u00f3 Monreal <a href=\"https:\/\/juntadepas.umh.es\/files\/2007\/03\/correito2.jpg\"><\/a><a href=\"https:\/\/juntadepas.umh.es\/files\/2008\/07\/correito.jpg\"><img loading=\"lazy\" title=\"correito\" src=\"https:\/\/juntadepas.umh.es\/files\/2008\/07\/correito.jpg\" alt=\"\" width=\"18\" height=\"12\" \/><\/a><a href=\"mailto:eva.auso@umh.es\">eva.auso@umh.es<\/a><a href=\"https:\/\/juntadepas.umh.es\/files\/2007\/03\/telefonito2.jpg\"><\/a>\u00a0<a href=\"https:\/\/juntadepas.umh.es\/files\/2008\/07\/telefonito.jpg\"><img loading=\"lazy\" title=\"telefonito\" src=\"https:\/\/juntadepas.umh.es\/files\/2008\/07\/telefonito.jpg\" alt=\"\" width=\"30\" height=\"13\" \/><\/a>9270<\/li>\n<\/ul>\n<p><strong>Por la Secci\u00f3n Sindical CC.OO.:<\/strong><\/p>\n<ul>\n<li><strong>\u00a0<\/strong>D. Juan Agull\u00f3 Valero <a href=\"https:\/\/juntadepas.umh.es\/files\/2008\/07\/correito.jpg\"><img loading=\"lazy\" title=\"correito\" src=\"https:\/\/juntadepas.umh.es\/files\/2008\/07\/correito.jpg\" alt=\"\" width=\"18\" height=\"12\" \/><\/a><a href=\"https:\/\/juntadepas.umh.es\/files\/2007\/03\/correito2.jpg\"><\/a><a href=\"mailto:juan.agullo@umh.es\">juan.agullo@umh.es<\/a> <a href=\"https:\/\/juntadepas.umh.es\/files\/2008\/07\/telefonito.jpg\"><img loading=\"lazy\" title=\"telefonito\" src=\"https:\/\/juntadepas.umh.es\/files\/2008\/07\/telefonito.jpg\" alt=\"\" width=\"30\" height=\"13\" \/><\/a><a href=\"https:\/\/juntadepas.umh.es\/files\/2007\/03\/telefonito2.jpg\"><\/a>8944<\/li>\n<li>D\u00f1a. Magdalena Asensi I\u00f1esta\u00a0 <a href=\"https:\/\/juntadepas.umh.es\/files\/2008\/07\/correito.jpg\"><img loading=\"lazy\" title=\"correito\" src=\"https:\/\/juntadepas.umh.es\/files\/2008\/07\/correito.jpg\" alt=\"\" width=\"18\" height=\"12\" \/><\/a><a href=\"https:\/\/juntadepas.umh.es\/files\/2007\/03\/correito2.jpg\"><\/a><a href=\"mailto:mm.asensi@umh.es\">mm.asensi@umh.es<\/a> <a href=\"https:\/\/juntadepas.umh.es\/files\/2007\/03\/telefonito2.jpg\"><\/a><a href=\"https:\/\/juntadepas.umh.es\/files\/2008\/07\/telefonito.jpg\"><img loading=\"lazy\" title=\"telefonito\" src=\"https:\/\/juntadepas.umh.es\/files\/2008\/07\/telefonito.jpg\" alt=\"\" width=\"30\" height=\"13\" \/><\/a>8594<\/li>\n<li>D\u00f1a. Carmen S\u00e1nchez Ardila <a href=\"https:\/\/juntadepas.umh.es\/files\/2008\/07\/correito.jpg\"><img loading=\"lazy\" title=\"correito\" src=\"https:\/\/juntadepas.umh.es\/files\/2008\/07\/correito.jpg\" alt=\"\" width=\"18\" height=\"12\" \/><\/a><a href=\"https:\/\/juntadepas.umh.es\/files\/2007\/03\/correito2.jpg\"><\/a><a href=\"mailto:carmen@umh.es\">carmen@umh.es<\/a> <a href=\"https:\/\/juntadepas.umh.es\/files\/2007\/03\/telefonito2.jpg\"><\/a><a href=\"https:\/\/juntadepas.umh.es\/files\/2008\/07\/telefonito.jpg\"><img loading=\"lazy\" title=\"telefonito\" src=\"https:\/\/juntadepas.umh.es\/files\/2008\/07\/telefonito.jpg\" alt=\"\" width=\"30\" height=\"13\" \/><\/a>9501<\/li>\n<\/ul>\n<p><strong>Por la Secci\u00f3n Sindical UGT:<\/strong><\/p>\n<ul>\n<li>D. Jes\u00fas Ba\u00f1os Ant\u00f3n <a href=\"https:\/\/juntadepas.umh.es\/files\/2008\/07\/correito.jpg\"><img loading=\"lazy\" title=\"correito\" src=\"https:\/\/juntadepas.umh.es\/files\/2008\/07\/correito.jpg\" alt=\"\" width=\"18\" height=\"12\" \/><\/a>j<a href=\"mailto:jesus.banos@umh.es\"><\/a><a href=\"mailto:jesus.banos@umh.es\">esus.banos@umh.es<\/a>\u00a0\u00a0<a href=\"https:\/\/juntadepas.umh.es\/files\/2007\/03\/telefonito2.jpg\"><\/a><a href=\"https:\/\/juntadepas.umh.es\/files\/2008\/07\/telefonito.jpg\"><img loading=\"lazy\" title=\"telefonito\" src=\"https:\/\/juntadepas.umh.es\/files\/2008\/07\/telefonito.jpg\" alt=\"\" width=\"30\" height=\"13\" \/><\/a>8585<\/li>\n<li>D\u00aa. Mercedes Arroniz Portugu\u00e9s <a href=\"https:\/\/juntadepas.umh.es\/files\/2007\/03\/correito2.jpg\"><\/a><a href=\"https:\/\/juntadepas.umh.es\/files\/2008\/07\/correito.jpg\"><img loading=\"lazy\" title=\"correito\" src=\"https:\/\/juntadepas.umh.es\/files\/2008\/07\/correito.jpg\" alt=\"\" width=\"18\" height=\"12\" \/><\/a><a href=\"mailto:mercedes.arronis@umh.es\">mercedes.arronis@umh.es<\/a>\u00a0\u00a0<a href=\"https:\/\/juntadepas.umh.es\/files\/2007\/03\/telefonito2.jpg\"><\/a><a href=\"https:\/\/juntadepas.umh.es\/files\/2008\/07\/telefonito.jpg\"><img loading=\"lazy\" title=\"telefonito\" src=\"https:\/\/juntadepas.umh.es\/files\/2008\/07\/telefonito.jpg\" alt=\"\" width=\"30\" height=\"13\" \/><\/a>9672<\/li>\n<\/ul>\n<p><\/p>","protected":false},"excerpt":{"rendered":"<p>Por la Secci\u00f3n Sindical SEP: D\u00f1a. Raquel Marquina Gonz\u00e1lez\u00a0\u00a0rmarquina@umh.es\u00a0\u00a02050 D. Luis Silvestre Cerd\u00e1\u00a0 lsilvestre@umh.es\u00a0 8605 D\u00f1a. M\u00f3nica Candela Sempere m.candela@umh.es 8710 D\u00f1a. Ana Maria Mart\u00ednez L\u00f3pez ana.martinez@umh.es 8782 Por la Secci\u00f3n Sindical CSI.F: D\u00f1a. Manuela Sousa Casado m.sousa@umh.es 8556 D. Alejandro Garea Ramos agarea@umh.es 9392 D. Jose Miguel Ramos Baddouh miguel.ramos@umh.es\u00a02060 D\u00f1a. Eva Aus\u00f3 Monreal [&hellip;]<\/p>\n","protected":false},"author":1,"featured_media":0,"parent":0,"menu_order":30,"comment_status":"closed","ping_status":"closed","template":"","meta":{"_links_to":"","_links_to_target":""},"_links":{"self":[{"href":"https:\/\/juntadepas.umh.es\/ca\/wp-json\/wp\/v2\/pages\/6"}],"collection":[{"href":"https:\/\/juntadepas.umh.es\/ca\/wp-json\/wp\/v2\/pages"}],"about":[{"href":"https:\/\/juntadepas.umh.es\/ca\/wp-json\/wp\/v2\/types\/page"}],"author":[{"embeddable":true,"href":"https:\/\/juntadepas.umh.es\/ca\/wp-json\/wp\/v2\/users\/1"}],"replies":[{"embeddable":true,"href":"https:\/\/juntadepas.umh.es\/ca\/wp-json\/wp\/v2\/comments?post=6"}],"version-history":[{"count":0,"href":"https:\/\/juntadepas.umh.es\/ca\/wp-json\/wp\/v2\/pages\/6\/revisions"}],"wp:attachment":[{"href":"https:\/\/juntadepas.umh.es\/ca\/wp-json\/wp\/v2\/media?parent=6"}],"curies":[{"name":"wp","href":"https:\/\/api.w.org\/{rel}","templated":true}]}}